{"id":27498,"date":"2025-02-04T19:05:58","date_gmt":"2025-02-04T17:05:58","guid":{"rendered":"https:\/\/eltawkelstore.com\/?post_type=product&#038;p=27498"},"modified":"2026-02-03T21:17:08","modified_gmt":"2026-02-03T19:17:08","slug":"samsung-galaxy-z-fold-6-5g-7-6-512gb12ram-foldable-dynamic-ltpo-amoled-2x-snapdragon-8-gen-3-4-nm-50mp-f-1-8-camera-ip48","status":"publish","type":"product","link":"https:\/\/eltawkelstore.com\/en\/product\/samsung-galaxy-z-fold-6-5g-7-6-512gb12ram-foldable-dynamic-ltpo-amoled-2x-snapdragon-8-gen-3-4-nm-50mp-f-1-8-camera-ip48\/","title":{"rendered":"Samsung Galaxy Z Fold 6 Dual SIM, 512GB, 12GB RAM"},"content":{"rendered":"<h1>Samsung Galaxy Z Fold 6 5G<\/h1>\n<h3>Body<\/h3>\n<p>Dimensions \u00a0 \u00a0Unfolded: 153.5 x 132.6 x 5.6 mm<br \/>\nFolded: 153.5 x 68.1 x 12.1 mm<br \/>\nWeight \u00a0 \u00a0239 g (8.43 oz)<br \/>\nBuild \u00a0 \u00a0Glass front (Gorilla Glass Victus 2) (folded), plastic front (unfolded), glass back (Gorilla Glass Victus 2), aluminum frame<br \/>\nSIM \u00a0 \u00a0Up to two Nano-SIM and multi eSIM<br \/>\nIP48 water resistant (up to 1.5m for 30 min)<br \/>\nEnhanced armor aluminum frame with tougher drop and scratch resistance (advertised)<br \/>\nStylus support<\/p>\n<h3>Display<\/h3>\n<p>Type \u00a0 \u00a0Foldable Dynamic LTPO AMOLED 2X, 120Hz, HDR10+, 2600 nits (peak)<br \/>\nSize \u00a0 \u00a07.6 inches, 185.2 cm2 (~91.0% screen-to-body ratio)<br \/>\nResolution \u00a0 \u00a01856 x 2160 pixels (~374 ppi density)<br \/>\nCover display:<br \/>\nDynamic LTPO AMOLED 2X, 120Hz, 2600 nits (peak), Corning Gorilla Glass Victus 2<br \/>\n6.3 inches, 968 x 2376 pixels, 410 ppi<\/p>\n<h3>Platform<\/h3>\n<p>OS \u00a0 \u00a0Android 14, up to 4 major Android upgrades, One UI 6.1.1<br \/>\nChipset \u00a0 \u00a0Qualcomm SM8650-AC Snapdragon 8 Gen 3 (4 nm)<br \/>\nCPU \u00a0 \u00a08-core (1\u00d73.39GHz Cortex-X4 &amp; 3\u00d73.1GHz Cortex-A720 &amp; 2\u00d72.9GHz Cortex-A720 &amp; 2\u00d72.2GHz Cortex-A520)<br \/>\nGPU \u00a0 \u00a0Adreno 750 (1 GHz)<\/p>\n<h3>Memory<\/h3>\n<p>Card slot No<br \/>\nInternal \u00a0 \u00a0256GB 12GB RAM, 512GB 12GB RAM, 1TB 12GB RAM<br \/>\nUFS 4.0<\/p>\n<h3>Main Camera<\/h3>\n<p>Triple \u00a0 \u00a050 MP, f\/1.8, 23mm (wide), 1.0\u00b5m, dual pixel PDAF, OIS<br \/>\n10 MP, f\/2.4, 66mm (telephoto), 1.0\u00b5m, PDAF, OIS, 3x optical zoom<br \/>\n12 MP, f\/2.2, 123\u02da, 12mm (ultrawide), 1.12\u00b5m<br \/>\nFeatures \u00a0 \u00a0LED flash, HDR, panorama<br \/>\nVideo \u00a0 \u00a08K@30fps, 4K@60fps, 1080p@60\/120\/240fps (gyro-EIS), 720p@960fps (gyro-EIS), HDR10+<\/p>\n<h3>Selfie camera<\/h3>\n<p>Single \u00a0 \u00a04 MP, f\/1.8, 26mm (wide), 2.0\u00b5m, under display<br \/>\nCover camera:<br \/>\n10 MP, f\/2.2, 24mm (wide), 1\/3\u2033, 1.22\u00b5m<br \/>\nFeatures \u00a0 \u00a0HDR<br \/>\nVideo \u00a0 \u00a04K@30\/60fps, 1080p@30\/60fps, gyro-EIS<br \/>\nSound \u00a0 \u00a0Loudspeaker \u00a0 \u00a0Yes, with stereo speakers<br \/>\n3.5mm jack No<br \/>\n32-bit\/384kHz audio<br \/>\nTuned by AKG<\/p>\n<h3>Comms<\/h3>\n<p>WLAN \u00a0 \u00a0Wi-Fi 802.11 a\/b\/g\/n\/ac\/6e, tri-band, Wi-Fi Direct<br \/>\nBluetooth \u00a0 \u00a05.3, A2DP, LE, aptX HD<br \/>\nPositioning \u00a0 \u00a0GPS, GALILEO, GLONASS, BDS, QZSS<br \/>\nNFC Yes<br \/>\nRadio No<br \/>\nUSB \u00a0 \u00a0USB Type-C 3.2, OTG<\/p>\n<h3>Features<\/h3>\n<p>Sensors \u00a0 \u00a0Fingerprint (side-mounted), accelerometer, gyro, proximity, compass, barometer<br \/>\nSamsung DeX (desktop experience support)<br \/>\nUltra Wideband (UWB) support<br \/>\nCircle to Search<\/p>\n<h3>Battery<\/h3>\n<p>Type \u00a0 \u00a0Li-Po 4400 mAh, non-removable<br \/>\nCharging \u00a0 \u00a025W wired, QC2.0, 50% in 30 min (advertised)<br \/>\n15W wireless<br \/>\n4.5W reverse wireless<\/p>\n<p><img decoding=\"async\" src=\"https:\/\/cdn.shopify.com\/s\/files\/1\/0684\/6332\/9568\/files\/1_21eca2cd-031a-401f-9b88-5b5af2c2ad13.png?v=1721325894\" alt=\"\" \/><img decoding=\"async\" src=\"https:\/\/cdn.shopify.com\/s\/files\/1\/0684\/6332\/9568\/files\/3_0e98b5cb-02aa-431d-a282-431473bdbb7d.png?v=1721325895\" alt=\"\" \/><img decoding=\"async\" src=\"https:\/\/cdn.shopify.com\/s\/files\/1\/0684\/6332\/9568\/files\/4_50556642-670e-487d-afa0-dea7cc8e9fe4.png?v=1721325894\" alt=\"\" \/><img decoding=\"async\" src=\"https:\/\/cdn.shopify.com\/s\/files\/1\/0684\/6332\/9568\/files\/5_8afc6667-00a9-4e3c-8bf9-aa85b3717288.png?v=1721325999\" alt=\"\" \/><img decoding=\"async\" src=\"https:\/\/cdn.shopify.com\/s\/files\/1\/0684\/6332\/9568\/files\/6_50f4f370-6afe-4439-8bf1-eca14a68f135.png?v=1721325895\" alt=\"\" \/><img decoding=\"async\" src=\"https:\/\/cdn.shopify.com\/s\/files\/1\/0684\/6332\/9568\/files\/7_4dd02034-bbf3-43e0-b53c-18cbcd9c019b.png?v=1721325894\" alt=\"\" \/><img decoding=\"async\" src=\"https:\/\/cdn.shopify.com\/s\/files\/1\/0684\/6332\/9568\/files\/8_30d530bc-334f-4726-a6e5-b24d3d3947cc.png?v=1721325894\" alt=\"\" \/><img decoding=\"async\" src=\"https:\/\/cdn.shopify.com\/s\/files\/1\/0684\/6332\/9568\/files\/9_cc98281d-ab17-4008-9c8e-d216fef60cea.png?v=1721325894\" alt=\"\" \/><img decoding=\"async\" src=\"https:\/\/cdn.shopify.com\/s\/files\/1\/0684\/6332\/9568\/files\/10_f5f055af-050f-4841-bc53-1026f7c8c462.png?v=1721325894\" alt=\"\" \/><img decoding=\"async\" src=\"https:\/\/cdn.shopify.com\/s\/files\/1\/0684\/6332\/9568\/files\/11_105bd77a-368b-451f-9c1d-4f393cff672f.png?v=1721325895\" alt=\"\" \/><img decoding=\"async\" src=\"https:\/\/cdn.shopify.com\/s\/files\/1\/0684\/6332\/9568\/files\/12_120333ef-455a-4b03-9954-a0eb0dad5285.png?v=1721325895\" alt=\"\" \/><img decoding=\"async\" src=\"https:\/\/cdn.shopify.com\/s\/files\/1\/0684\/6332\/9568\/files\/13_94465250-593b-467d-b599-34430d0b2c04.png?v=1721325895\" alt=\"\" \/><img decoding=\"async\" src=\"https:\/\/cdn.shopify.com\/s\/files\/1\/0684\/6332\/9568\/files\/14_d8df71cd-6ed7-4e64-890f-0dc2be1c2cf6.png?v=1721325895\" alt=\"\" \/><iframe title=\"Galaxy Z Fold6: Unboxing | Samsung\" src=\"https:\/\/www.youtube.com\/embed\/jHu9Wc2mEgw\" width=\"1366\" height=\"768\" frameborder=\"0\" allowfullscreen=\"allowfullscreen\" data-mce-fragment=\"1\"><\/iframe><\/p>","protected":false},"excerpt":{"rendered":"<h3>\u0647\u0627\u062a\u0641 \u0633\u0627\u0645\u0633\u0648\u0646\u062c \u0632\u062f \u0641\u0648\u0644\u062f 6<\/h3>\n<h3>Storage: 512GB<\/h3>\n<h3>RAM: 12GB RAM<\/h3>","protected":false},"featured_media":27499,"comment_status":"open","ping_status":"closed","template":"","meta":[],"product_brand":[],"product_cat":[320,49,325,319,318],"product_tag":[],"class_list":{"0":"post-27498","1":"product","2":"type-product","3":"status-publish","4":"has-post-thumbnail","6":"product_cat-android-new","7":"product_cat-best-offers","8":"product_cat-samsung-new","9":"product_cat-new-mobiles","10":"product_cat-smart-phones","12":"first","13":"outofstock","14":"sale","15":"shipping-taxable","16":"purchasable","17":"product-type-simple"},"_links":{"self":[{"href":"https:\/\/eltawkelstore.com\/en\/wp-json\/wp\/v2\/product\/27498","targetHints":{"allow":["GET"]}}],"collection":[{"href":"https:\/\/eltawkelstore.com\/en\/wp-json\/wp\/v2\/product"}],"about":[{"href":"https:\/\/eltawkelstore.com\/en\/wp-json\/wp\/v2\/types\/product"}],"replies":[{"embeddable":true,"href":"https:\/\/eltawkelstore.com\/en\/wp-json\/wp\/v2\/comments?post=27498"}],"version-history":[{"count":3,"href":"https:\/\/eltawkelstore.com\/en\/wp-json\/wp\/v2\/product\/27498\/revisions"}],"predecessor-version":[{"id":30125,"href":"https:\/\/eltawkelstore.com\/en\/wp-json\/wp\/v2\/product\/27498\/revisions\/30125"}],"wp:featuredmedia":[{"embeddable":true,"href":"https:\/\/eltawkelstore.com\/en\/wp-json\/wp\/v2\/media\/27499"}],"wp:attachment":[{"href":"https:\/\/eltawkelstore.com\/en\/wp-json\/wp\/v2\/media?parent=27498"}],"wp:term":[{"taxonomy":"product_brand","embeddable":true,"href":"https:\/\/eltawkelstore.com\/en\/wp-json\/wp\/v2\/product_brand?post=27498"},{"taxonomy":"product_cat","embeddable":true,"href":"https:\/\/eltawkelstore.com\/en\/wp-json\/wp\/v2\/product_cat?post=27498"},{"taxonomy":"product_tag","embeddable":true,"href":"https:\/\/eltawkelstore.com\/en\/wp-json\/wp\/v2\/product_tag?post=27498"}],"curies":[{"name":"wp","href":"https:\/\/api.w.org\/{rel}","templated":true}]}}