{"id":26509,"date":"2025-01-08T14:38:45","date_gmt":"2025-01-08T12:38:45","guid":{"rendered":"https:\/\/eltawkelstore.com\/?post_type=product&#038;p=26509"},"modified":"2025-01-08T17:05:51","modified_gmt":"2025-01-08T15:05:51","slug":"playstation-4-pro-white","status":"publish","type":"product","link":"https:\/\/eltawkelstore.com\/en\/product\/playstation-4-pro-white\/","title":{"rendered":"playstation 4 pro white"},"content":{"rendered":"<div id=\"row_1224581467\" class=\"table__row\" role=\"row\" aria-rowindex=\"1\">\n<div id=\"item_1005277477\" class=\"table__header\" role=\"columnheader\">\n<div class=\"textblock\">\n<div class=\"text-block\" data-ol-order-start=\"1\" data-custom-mobile-width=\"false\" data-custom-tablet-width=\"false\" data-custom-desktop-width=\"false\">\n<p><b>Product name<\/b><\/p>\n<\/div>\n<\/div>\n<\/div>\n<div id=\"item_1403077725\" class=\"table__body\" role=\"cell\">\n<div class=\"textblock\">\n<div class=\"text-block\" data-ol-order-start=\"1\" data-custom-mobile-width=\"false\" data-custom-tablet-width=\"false\" data-custom-desktop-width=\"false\">\n<p>PlayStation\u00ae4 Pro<\/p>\n<\/div>\n<\/div>\n<\/div>\n<\/div>\n<div id=\"row_49941585\" class=\"table__row\" role=\"row\" aria-rowindex=\"2\">\n<div id=\"item_1319612554\" class=\"table__header\" role=\"columnheader\">\n<div class=\"textblock\">\n<div class=\"text-block\" data-ol-order-start=\"1\" data-custom-mobile-width=\"false\" data-custom-tablet-width=\"false\" data-custom-desktop-width=\"false\">\n<p><b>Product code<\/b><\/p>\n<\/div>\n<\/div>\n<\/div>\n<div id=\"item_310465954\" class=\"table__body\" role=\"cell\">\n<div class=\"textblock\">\n<div class=\"text-block\" data-ol-order-start=\"1\" data-custom-mobile-width=\"false\" data-custom-tablet-width=\"false\" data-custom-desktop-width=\"false\">\n<p>CUH-7000 series<\/p>\n<\/div>\n<\/div>\n<\/div>\n<\/div>\n<div id=\"row_1058362545\" class=\"table__row\" role=\"row\" aria-rowindex=\"3\">\n<div id=\"item_1046878071\" class=\"table__header\" role=\"columnheader\">\n<div class=\"textblock\">\n<div class=\"text-block\" data-ol-order-start=\"1\" data-custom-mobile-width=\"false\" data-custom-tablet-width=\"false\" data-custom-desktop-width=\"false\">\n<p><b>Main processor<\/b><\/p>\n<\/div>\n<\/div>\n<\/div>\n<div id=\"item_168960940\" class=\"table__body\" role=\"cell\">\n<div class=\"textblock\">\n<div class=\"text-block\" data-ol-order-start=\"1\" data-custom-mobile-width=\"false\" data-custom-tablet-width=\"false\" data-custom-desktop-width=\"false\">\n<p>Single-chip custom processor<\/p>\n<p>CPU: x86-64 AMD \u201cJaguar\u201d, 8 cores<\/p>\n<p>GPU: 4.20 TFLOPS, AMD Radeon\u2122 based graphics engine<\/p>\n<\/div>\n<\/div>\n<\/div>\n<\/div>\n<div id=\"row_1403051700\" class=\"table__row\" role=\"row\" aria-rowindex=\"4\">\n<div id=\"item_1460424230\" class=\"table__header\" role=\"columnheader\">\n<div class=\"textblock\">\n<div class=\"text-block\" data-ol-order-start=\"1\" data-custom-mobile-width=\"false\" data-custom-tablet-width=\"false\" data-custom-desktop-width=\"false\">\n<p><b>Memory<\/b><\/p>\n<\/div>\n<\/div>\n<\/div>\n<div id=\"item_1685978327\" class=\"table__body\" role=\"cell\">\n<div class=\"textblock\">\n<div class=\"text-block\" data-ol-order-start=\"1\" data-custom-mobile-width=\"false\" data-custom-tablet-width=\"false\" data-custom-desktop-width=\"false\">\n<p>GDDR5 8GB<\/p>\n<\/div>\n<\/div>\n<\/div>\n<\/div>\n<div id=\"row_58493280\" class=\"table__row\" role=\"row\" aria-rowindex=\"5\">\n<div id=\"item_1990321047\" class=\"table__header\" role=\"columnheader\">\n<div class=\"textblock\">\n<div class=\"text-block\" data-ol-order-start=\"1\" data-custom-mobile-width=\"false\" data-custom-tablet-width=\"false\" data-custom-desktop-width=\"false\">\n<p><b>Storage size*<\/b><\/p>\n<\/div>\n<\/div>\n<\/div>\n<div id=\"item_1704440486\" class=\"table__body\" role=\"cell\">\n<div class=\"textblock\">\n<div class=\"text-block\" data-ol-order-start=\"1\" data-custom-mobile-width=\"false\" data-custom-tablet-width=\"false\" data-custom-desktop-width=\"false\">\n<p>1TB<\/p>\n<\/div>\n<\/div>\n<\/div>\n<\/div>\n<div id=\"row_1643116740\" class=\"table__row\" role=\"row\" aria-rowindex=\"6\">\n<div id=\"item_137324279\" class=\"table__header\" role=\"columnheader\">\n<div class=\"textblock\">\n<div class=\"text-block\" data-ol-order-start=\"1\" data-custom-mobile-width=\"false\" data-custom-tablet-width=\"false\" data-custom-desktop-width=\"false\">\n<p><b>External dimensions<\/b><\/p>\n<\/div>\n<\/div>\n<\/div>\n<div id=\"item_1102446025\" class=\"table__body\" role=\"cell\">\n<div class=\"textblock\">\n<div class=\"text-block\" data-ol-order-start=\"1\" data-custom-mobile-width=\"false\" data-custom-tablet-width=\"false\" data-custom-desktop-width=\"false\">\n<p>Approx. 295\u00d755\u00d7327 mm (width \u00d7 height \u00d7 length)<br \/>\n(excludes largest projection)<\/p>\n<\/div>\n<\/div>\n<\/div>\n<\/div>\n<div id=\"row_1353545072\" class=\"table__row\" role=\"row\" aria-rowindex=\"7\">\n<div id=\"item_395977537\" class=\"table__header\" role=\"columnheader\">\n<div class=\"textblock\">\n<div class=\"text-block\" data-ol-order-start=\"1\" data-custom-mobile-width=\"false\" data-custom-tablet-width=\"false\" data-custom-desktop-width=\"false\">\n<p><b>Mass<\/b><\/p>\n<\/div>\n<\/div>\n<\/div>\n<div id=\"item_1830445625\" class=\"table__body\" role=\"cell\">\n<div class=\"textblock\">\n<div class=\"text-block\" data-ol-order-start=\"1\" data-custom-mobile-width=\"false\" data-custom-tablet-width=\"false\" data-custom-desktop-width=\"false\">\n<p>Approx. 3.3 kg<\/p>\n<\/div>\n<\/div>\n<\/div>\n<\/div>\n<div id=\"row_977616353\" class=\"table__row\" role=\"row\" aria-rowindex=\"8\">\n<div id=\"item_873305785\" class=\"table__header\" role=\"columnheader\">\n<div class=\"textblock\">\n<div class=\"text-block\" data-ol-order-start=\"1\" data-custom-mobile-width=\"false\" data-custom-tablet-width=\"false\" data-custom-desktop-width=\"false\">\n<p><b>BD\/ DVD drive<br \/>\n(read only)<\/b><\/p>\n<\/div>\n<\/div>\n<\/div>\n<div id=\"item_990593230\" class=\"table__body\" role=\"cell\">\n<div class=\"textblock\">\n<div class=\"text-block\" data-ol-order-start=\"1\" data-custom-mobile-width=\"false\" data-custom-tablet-width=\"false\" data-custom-desktop-width=\"false\">\n<p>BD \u00d7 6 CAV<br \/>\nDVD \u00d7 8 CAV<\/p>\n<\/div>\n<\/div>\n<\/div>\n<\/div>\n<div id=\"row_1555579898\" class=\"table__row\" role=\"row\" aria-rowindex=\"9\">\n<div id=\"item_91720400\" class=\"table__header\" role=\"columnheader\">\n<div class=\"textblock\">\n<div class=\"text-block\" data-ol-order-start=\"1\" data-custom-mobile-width=\"false\" data-custom-tablet-width=\"false\" data-custom-desktop-width=\"false\">\n<p><b>Input\/ Output<\/b><\/p>\n<\/div>\n<\/div>\n<\/div>\n<div id=\"item_1403163430\" class=\"table__body\" role=\"cell\">\n<div class=\"textblock\">\n<div class=\"text-block\" data-ol-order-start=\"1\" data-custom-mobile-width=\"false\" data-custom-tablet-width=\"false\" data-custom-desktop-width=\"false\">\n<p>Super-Speed USB (USB 3.1 Gen.1) port \u00d7 3<br \/>\nAUX port \u00d7 1<\/p>\n<\/div>\n<\/div>\n<\/div>\n<\/div>\n<div id=\"row_383058868\" class=\"table__row\" role=\"row\" aria-rowindex=\"10\">\n<div id=\"item_889767517\" class=\"table__header\" role=\"columnheader\">\n<div class=\"textblock\">\n<div class=\"text-block\" data-ol-order-start=\"1\" data-custom-mobile-width=\"false\" data-custom-tablet-width=\"false\" data-custom-desktop-width=\"false\">\n<p><b>Networking<\/b><\/p>\n<\/div>\n<\/div>\n<\/div>\n<div id=\"item_1476701573\" class=\"table__body\" role=\"cell\">\n<div class=\"textblock\">\n<div class=\"text-block\" data-ol-order-start=\"1\" data-custom-mobile-width=\"false\" data-custom-tablet-width=\"false\" data-custom-desktop-width=\"false\">\n<p>Ethernet (10BASE-T, 100BASE-TX, 1000BASE-T)\u00d71<\/p>\n<p>IEEE 802.11 a\/b\/g\/n\/ac<\/p>\n<p>Bluetooth\u00ae 4.0 (LE)<\/p>\n<\/div>\n<\/div>\n<\/div>\n<\/div>\n<div id=\"row_533678097\" class=\"table__row\" role=\"row\" aria-rowindex=\"11\">\n<div id=\"item_665821668\" class=\"table__header\" role=\"columnheader\">\n<div class=\"textblock\">\n<div class=\"text-block\" data-ol-order-start=\"1\" data-custom-mobile-width=\"false\" data-custom-tablet-width=\"false\" data-custom-desktop-width=\"false\">\n<p><b>Power<\/b><\/p>\n<\/div>\n<\/div>\n<\/div>\n<div id=\"item_1825507401\" class=\"table__body\" role=\"cell\">\n<div class=\"textblock\">\n<div class=\"text-block\" data-ol-order-start=\"1\" data-custom-mobile-width=\"false\" data-custom-tablet-width=\"false\" data-custom-desktop-width=\"false\">\n<p>AC 100-240V, 50\/60Hz<\/p>\n<\/div>\n<\/div>\n<\/div>\n<\/div>\n<div id=\"row_1989849264\" class=\"table__row\" role=\"row\" aria-rowindex=\"12\">\n<div id=\"item_1334349889\" class=\"table__header\" role=\"columnheader\">\n<div class=\"textblock\">\n<div class=\"text-block\" data-ol-order-start=\"1\" data-custom-mobile-width=\"false\" data-custom-tablet-width=\"false\" data-custom-desktop-width=\"false\">\n<p><b>Power consumption<\/b><\/p>\n<\/div>\n<\/div>\n<\/div>\n<div id=\"item_230222651\" class=\"table__body\" role=\"cell\">\n<div class=\"textblock\">\n<div class=\"text-block\" data-ol-order-start=\"1\" data-custom-mobile-width=\"false\" data-custom-tablet-width=\"false\" data-custom-desktop-width=\"false\">\n<p>Max. 310W<\/p>\n<\/div>\n<\/div>\n<\/div>\n<\/div>\n<div id=\"row_1654769998\" class=\"table__row\" role=\"row\" aria-rowindex=\"13\">\n<div id=\"item_1199778273\" class=\"table__header\" role=\"columnheader\">\n<div class=\"textblock\">\n<div class=\"text-block\" data-ol-order-start=\"1\" data-custom-mobile-width=\"false\" data-custom-tablet-width=\"false\" data-custom-desktop-width=\"false\">\n<p><b>Operating Temperature<\/b><\/p>\n<\/div>\n<\/div>\n<\/div>\n<div id=\"item_151566004\" class=\"table__body\" role=\"cell\">\n<div class=\"textblock\">\n<div class=\"text-block\" data-ol-order-start=\"1\" data-custom-mobile-width=\"false\" data-custom-tablet-width=\"false\" data-custom-desktop-width=\"false\">\n<p>5 \u00baC \u2013 35\u00baC<\/p>\n<\/div>\n<\/div>\n<\/div>\n<\/div>\n<div id=\"row_1236306655\" class=\"table__row\" role=\"row\" aria-rowindex=\"14\">\n<div id=\"item_1734887639\" class=\"table__header\" role=\"columnheader\">\n<div class=\"textblock\">\n<div class=\"text-block\" data-ol-order-start=\"1\" data-custom-mobile-width=\"false\" data-custom-tablet-width=\"false\" data-custom-desktop-width=\"false\">\n<p><b>AV output<\/b><\/p>\n<\/div>\n<\/div>\n<\/div>\n<div id=\"item_513547339\" class=\"table__body\" role=\"cell\">\n<div class=\"textblock\">\n<div class=\"text-block\" data-ol-order-start=\"1\" data-custom-mobile-width=\"false\" data-custom-tablet-width=\"false\" data-custom-desktop-width=\"false\">\n<p>HDMI\u2122 out port (supports 4K\/HDR)<br \/>\nDIGITAL OUT (OPTICAL) port<\/p>\n<\/div>\n<\/div>\n<\/div>\n<\/div>","protected":false},"excerpt":{"rendered":"<p>Product name PlayStation\u00ae4 Pro Product code CUH-7000 series Main processor Single-chip custom processor CPU: x86-64 AMD \u201cJaguar\u201d, 8 cores GPU:<\/p>","protected":false},"featured_media":26510,"comment_status":"open","ping_status":"closed","template":"","meta":[],"product_brand":[],"product_cat":[1306,1307],"product_tag":[],"class_list":{"0":"post-26509","1":"product","2":"type-product","3":"status-publish","4":"has-post-thumbnail","6":"product_cat-playstation-console","7":"product_cat--playstation-console","9":"first","10":"instock","11":"sale","12":"shipping-taxable","13":"purchasable","14":"product-type-simple"},"_links":{"self":[{"href":"https:\/\/eltawkelstore.com\/en\/wp-json\/wp\/v2\/product\/26509","targetHints":{"allow":["GET"]}}],"collection":[{"href":"https:\/\/eltawkelstore.com\/en\/wp-json\/wp\/v2\/product"}],"about":[{"href":"https:\/\/eltawkelstore.com\/en\/wp-json\/wp\/v2\/types\/product"}],"replies":[{"embeddable":true,"href":"https:\/\/eltawkelstore.com\/en\/wp-json\/wp\/v2\/comments?post=26509"}],"version-history":[{"count":2,"href":"https:\/\/eltawkelstore.com\/en\/wp-json\/wp\/v2\/product\/26509\/revisions"}],"predecessor-version":[{"id":26534,"href":"https:\/\/eltawkelstore.com\/en\/wp-json\/wp\/v2\/product\/26509\/revisions\/26534"}],"wp:featuredmedia":[{"embeddable":true,"href":"https:\/\/eltawkelstore.com\/en\/wp-json\/wp\/v2\/media\/26510"}],"wp:attachment":[{"href":"https:\/\/eltawkelstore.com\/en\/wp-json\/wp\/v2\/media?parent=26509"}],"wp:term":[{"taxonomy":"product_brand","embeddable":true,"href":"https:\/\/eltawkelstore.com\/en\/wp-json\/wp\/v2\/product_brand?post=26509"},{"taxonomy":"product_cat","embeddable":true,"href":"https:\/\/eltawkelstore.com\/en\/wp-json\/wp\/v2\/product_cat?post=26509"},{"taxonomy":"product_tag","embeddable":true,"href":"https:\/\/eltawkelstore.com\/en\/wp-json\/wp\/v2\/product_tag?post=26509"}],"curies":[{"name":"wp","href":"https:\/\/api.w.org\/{rel}","templated":true}]}}